{"id":1585,"date":"2020-12-17T08:41:25","date_gmt":"2020-12-17T08:41:25","guid":{"rendered":"https:\/\/shtheme.org\/demosd\/poora\/?page_id=62"},"modified":"2022-12-09T11:25:45","modified_gmt":"2022-12-09T14:25:45","slug":"contact","status":"publish","type":"page","link":"https:\/\/airesnuevos.cl\/espanol\/contact\/","title":{"rendered":"Contacto"},"content":{"rendered":"\t\t<div data-elementor-type=\"wp-post\" data-elementor-id=\"1585\" class=\"elementor elementor-1585\">\n\t\t\t\t\t\t<section class=\"elementor-section elementor-top-section elementor-element elementor-element-17d3f5b elementor-section-boxed elementor-section-height-default elementor-section-height-default\" data-id=\"17d3f5b\" data-element_type=\"section\">\n\t\t\t\t\t\t<div class=\"elementor-container elementor-column-gap-default\">\n\t\t\t\t\t<div class=\"elementor-column elementor-col-100 elementor-top-column elementor-element elementor-element-7852edb\" data-id=\"7852edb\" data-element_type=\"column\">\n\t\t\t<div class=\"elementor-widget-wrap elementor-element-populated\">\n\t\t\t\t\t\t<div class=\"elementor-element elementor-element-e024fd1 elementor-align-left elementor-widget elementor-widget-bdevs-banner\" data-id=\"e024fd1\" data-element_type=\"widget\" data-widget_type=\"bdevs-banner.default\">\n\t\t\t\t<div class=\"elementor-widget-container\">\n\t\t\t\t\t\t\t<div class=\"breadcrumb-area text-center shadow dark bg-fixed padding-xl text-light\" style=\"background-image: url(https:\/\/airesnuevos.cl\/espanol\/wp-content\/uploads\/2021\/02\/23.jpg);\">\r\n\t        <div class=\"container\">\r\n\t            <div class=\"breadcrumb-items\">\r\n\t                <div class=\"row\">\r\n\t                    <div class=\"col-lg-12\">\r\n\t                        <h2>Contacto<\/h2>\r\n\t                    <\/div>\r\n\t                <\/div>\r\n\t                \t                <ul class=\"breadcrumb\">\r\n\t                    <li><a href=\"https:\/\/airesnuevos.cl\/espanol\/\">\r\n\t                    \t<i class=\"fas fa-home\"><\/i>Home<\/a><\/li>\r\n\t                    <li class=\"active\">Contacto<\/li>\r\n\t                <\/ul>\r\n\t                \t            <\/div>\r\n\t        <\/div>\r\n\t    <\/div>\r\n\t\t\t\t\t<\/div>\n\t\t\t\t<\/div>\n\t\t\t\t\t<\/div>\n\t\t<\/div>\n\t\t\t\t\t<\/div>\n\t\t<\/section>\n\t\t\t\t<section class=\"elementor-section elementor-top-section elementor-element elementor-element-7e1cc14 elementor-section-boxed elementor-section-height-default elementor-section-height-default\" data-id=\"7e1cc14\" data-element_type=\"section\">\n\t\t\t\t\t\t<div class=\"elementor-container elementor-column-gap-default\">\n\t\t\t\t\t<div class=\"elementor-column elementor-col-100 elementor-top-column elementor-element elementor-element-b55157b\" data-id=\"b55157b\" data-element_type=\"column\">\n\t\t\t<div class=\"elementor-widget-wrap elementor-element-populated\">\n\t\t\t\t\t\t<div class=\"elementor-element elementor-element-eb49744 elementor-align-left elementor-widget elementor-widget-bdevs-contact\" data-id=\"eb49744\" data-element_type=\"widget\" data-widget_type=\"bdevs-contact.default\">\n\t\t\t\t<div class=\"elementor-widget-container\">\n\t\t\t\t\t\t\t<div class=\"contact-form-area default-padding\">\r\n\t\t    <div class=\"container\">\r\n\t\t        <div class=\"row align-center\">\r\n\t\t            <!-- Start Contact Form -->\r\n\t\t            <div class=\"col-lg-7 contact-forms\">\r\n\t\t                <div class=\"content\">\r\n\t\t                \t\t\t                    <div class=\"heading\">\r\n\t\t                        <h3>Escr\u00edbenos<\/h3>\r\n\t\t                    <\/div>\r\n\t\t                \t\t\t                    \n<div class=\"wpcf7 no-js\" id=\"wpcf7-f123-o1\" lang=\"en-US\" dir=\"ltr\" data-wpcf7-id=\"123\">\n<div class=\"screen-reader-response\"><p role=\"status\" aria-live=\"polite\" aria-atomic=\"true\"><\/p> <ul><\/ul><\/div>\n<form action=\"\/espanol\/wp-json\/wp\/v2\/pages\/1585#wpcf7-f123-o1\" method=\"post\" class=\"wpcf7-form init\" aria-label=\"Contact form\" novalidate=\"novalidate\" data-status=\"init\">\n<fieldset class=\"hidden-fields-container\"><input type=\"hidden\" name=\"_wpcf7\" value=\"123\" \/><input type=\"hidden\" name=\"_wpcf7_version\" value=\"6.1.4\" \/><input type=\"hidden\" name=\"_wpcf7_locale\" value=\"en_US\" \/><input type=\"hidden\" name=\"_wpcf7_unit_tag\" value=\"wpcf7-f123-o1\" \/><input type=\"hidden\" name=\"_wpcf7_container_post\" value=\"0\" \/><input type=\"hidden\" name=\"_wpcf7_posted_data_hash\" value=\"\" \/>\n<\/fieldset>\n<div class=\"contact-form\">\n\t<div class=\"row\">\n\t\t<div class=\"col-lg-12\">\n\t\t\t<div class=\"form-group\">\n\t\t\t\t<p><span class=\"wpcf7-form-control-wrap\" data-name=\"names\"><input size=\"40\" maxlength=\"400\" class=\"wpcf7-form-control wpcf7-text wpcf7-validates-as-required form-control\" aria-required=\"true\" aria-invalid=\"false\" placeholder=\"Name\" value=\"\" type=\"text\" name=\"names\" \/><\/span><br \/>\n<span class=\"alert-error\"><\/span>\n\t\t\t\t<\/p>\n\t\t\t<\/div>\n\t\t<\/div>\n\t<\/div>\n\t<div class=\"row\">\n\t\t<div class=\"col-lg-12\">\n\t\t\t<div class=\"form-group\">\n\t\t\t\t<p><span class=\"wpcf7-form-control-wrap\" data-name=\"email\"><input size=\"40\" maxlength=\"400\" class=\"wpcf7-form-control wpcf7-email wpcf7-validates-as-required wpcf7-text wpcf7-validates-as-email form-control\" aria-required=\"true\" aria-invalid=\"false\" placeholder=\"Email\" value=\"\" type=\"email\" name=\"email\" \/><\/span><br \/>\n<span class=\"alert-error\"><\/span>\n\t\t\t\t<\/p>\n\t\t\t<\/div>\n\t\t<\/div>\n\t<\/div>\n\t<div class=\"row\">\n\t\t<div class=\"col-lg-12\">\n\t\t\t<div class=\"form-group\">\n\t\t\t\t<p><span class=\"wpcf7-form-control-wrap\" data-name=\"phone\"><input size=\"40\" maxlength=\"400\" class=\"wpcf7-form-control wpcf7-text form-control\" aria-invalid=\"false\" placeholder=\"Phone\" value=\"\" type=\"text\" name=\"phone\" \/><\/span><br \/>\n<span class=\"alert-error\"><\/span>\n\t\t\t\t<\/p>\n\t\t\t<\/div>\n\t\t<\/div>\n\t<\/div>\n\t<div class=\"row\">\n\t\t<div class=\"col-lg-12\">\n\t\t\t<div class=\"form-group comments\">\n\t\t\t\t<p><span class=\"wpcf7-form-control-wrap\" data-name=\"comments\"><textarea cols=\"40\" rows=\"10\" maxlength=\"2000\" class=\"wpcf7-form-control wpcf7-textarea wpcf7-validates-as-required form-control\" id=\"comments\" aria-required=\"true\" aria-invalid=\"false\" placeholder=\"Tell Us About Project\" name=\"comments\"><\/textarea><\/span>\n\t\t\t\t<\/p>\n\t\t\t<\/div>\n\t\t<\/div>\n\t<\/div>\n\t<div class=\"row\">\n\t\t<div class=\"col-lg-12\">\n\t\t\t<p><input class=\"wpcf7-form-control wpcf7-submit has-spinner\" id=\"submit\" type=\"submit\" value=\"Send Message\" \/>\n\t\t\t<\/p>\n\t\t<\/div>\n\t<\/div>\n<\/div><div class=\"wpcf7-response-output\" aria-hidden=\"true\"><\/div>\n<\/form>\n<\/div>\n\t\t                <\/div>\r\n\t\t            <\/div>\r\n\t\t            <!-- End Contact Form -->\r\n\t\t            <div class=\"col-lg-5 address-info\">\r\n\t\t                <div class=\"address-items\">\r\n\t\t                    <ul>\r\n\t\t                    \t\t\t                        <li>\r\n\t\t                            <i class=\"fas fa-map-marker-alt\"><\/i>\r\n\t\t                            <p>\r\n\t\t                               Direcci\u00f3n\n                                <span>Capit\u00e1n Fuentes 99, \u00d1u\u00f1oa, Santiago.<\/span>\t\t                            <\/p>\r\n\t\t                        <\/li>\r\n\t\t                    \t\t\t                        <li>\r\n\t\t                            <i class=\"fas fa-envelope-open\"><\/i>\r\n\t\t                            <p>\r\n\t\t                               Correo\n                                <span>Info@yourdomain.com<\/span>\t\t                            <\/p>\r\n\t\t                        <\/li>\r\n\t\t                    \t\t\t                        <li>\r\n\t\t                            <i class=\"fas fa-mobile-alt\"><\/i>\r\n\t\t                            <p>\r\n\t\t                               Fono\n                                <span>+56 2 2359 1655<\/span>\t\t                            <\/p>\r\n\t\t                        <\/li>\r\n\t\t                    \t\t\t                    <\/ul>\r\n\t\t                <\/div>\r\n\t\t            <\/div>\r\n\t\t        <\/div>\r\n\t\t    <\/div>\r\n\t\t<\/div>\r\n\t\t\t\t\t<\/div>\n\t\t\t\t<\/div>\n\t\t\t\t\t<\/div>\n\t\t<\/div>\n\t\t\t\t\t<\/div>\n\t\t<\/section>\n\t\t\t\t<section class=\"elementor-section elementor-top-section elementor-element elementor-element-e50beb4 elementor-section-boxed elementor-section-height-default elementor-section-height-default\" data-id=\"e50beb4\" data-element_type=\"section\">\n\t\t\t\t\t\t<div class=\"elementor-container elementor-column-gap-default\">\n\t\t\t\t\t<div class=\"elementor-column elementor-col-100 elementor-top-column elementor-element elementor-element-92d747a\" data-id=\"92d747a\" data-element_type=\"column\">\n\t\t\t<div class=\"elementor-widget-wrap elementor-element-populated\">\n\t\t\t\t\t\t<div class=\"elementor-element elementor-element-5cbc9c5 elementor-align-left elementor-widget elementor-widget-bdevs-map\" data-id=\"5cbc9c5\" data-element_type=\"widget\" data-widget_type=\"bdevs-map.default\">\n\t\t\t\t<div class=\"elementor-widget-container\">\n\t\t\t\t\t\t\t<div class=\"maps-area\">\r\n\t\t    <div class=\"google-maps\">\r\n\t\t        <iframe src=\"https:\/\/www.google.com\/maps\/embed?pb=!1m18!1m12!1m3!1d3330.270421240132!2d-70.57885678500948!3d-33.416193503140654!2m3!1f0!2f0!3f0!3m2!1i1024!2i768!4f13.1!3m3!1m2!1s0x9662cf1e5c26112b%3A0x425ffa6cb3da239a!2sDel%20Inca%204811%2C%20Las%20Condes%2C%207580220%2C%20Regi%C3%B3n%20Metropolitana!5e0!3m2!1ses-419!2scl!4v1652712054136!5m2!1ses-419!2scl\" width=\"600\" height=\"450\" style=\"border:0;\" allowfullscreen=\"\" loading=\"lazy\" referrerpolicy=\"no-referrer-when-downgrade \" width=\"100%\" height=\"550\"><\/iframe>\r\n\t\t    <\/div>\r\n\t\t<\/div>\r\n\t\t\t\t\t<\/div>\n\t\t\t\t<\/div>\n\t\t\t\t\t<\/div>\n\t\t<\/div>\n\t\t\t\t\t<\/div>\n\t\t<\/section>\n\t\t\t\t<\/div>\n\t\t","protected":false},"excerpt":{"rendered":"<p>Contacto Home Contacto Escr\u00edbenos Direcci\u00f3n Capit\u00e1n Fuentes 99, \u00d1u\u00f1oa, Santiago. Correo Info@yourdomain.com Fono +56 2 2359 1655<\/p>\n","protected":false},"author":1,"featured_media":0,"parent":0,"menu_order":0,"comment_status":"closed","ping_status":"closed","template":"page-templates\/other-page.php","meta":{"_acf_changed":false,"footnotes":""},"class_list":["post-1585","page","type-page","status-publish","hentry"],"acf":[],"aioseo_notices":[],"_links":{"self":[{"href":"https:\/\/airesnuevos.cl\/espanol\/wp-json\/wp\/v2\/pages\/1585","targetHints":{"allow":["GET"]}}],"collection":[{"href":"https:\/\/airesnuevos.cl\/espanol\/wp-json\/wp\/v2\/pages"}],"about":[{"href":"https:\/\/airesnuevos.cl\/espanol\/wp-json\/wp\/v2\/types\/page"}],"author":[{"embeddable":true,"href":"https:\/\/airesnuevos.cl\/espanol\/wp-json\/wp\/v2\/users\/1"}],"replies":[{"embeddable":true,"href":"https:\/\/airesnuevos.cl\/espanol\/wp-json\/wp\/v2\/comments?post=1585"}],"version-history":[{"count":9,"href":"https:\/\/airesnuevos.cl\/espanol\/wp-json\/wp\/v2\/pages\/1585\/revisions"}],"predecessor-version":[{"id":3095,"href":"https:\/\/airesnuevos.cl\/espanol\/wp-json\/wp\/v2\/pages\/1585\/revisions\/3095"}],"wp:attachment":[{"href":"https:\/\/airesnuevos.cl\/espanol\/wp-json\/wp\/v2\/media?parent=1585"}],"curies":[{"name":"wp","href":"https:\/\/api.w.org\/{rel}","templated":true}]}}