{"id":1587,"date":"2020-12-17T09:58:08","date_gmt":"2020-12-17T09:58:08","guid":{"rendered":"https:\/\/shtheme.org\/demosd\/poora\/?page_id=77"},"modified":"2022-11-15T15:19:20","modified_gmt":"2022-11-15T18:19:20","slug":"que-hacemos-2","status":"publish","type":"page","link":"https:\/\/airesnuevos.cl\/espanol\/que-hacemos-2\/","title":{"rendered":"Qu\u00e9 Hacemos"},"content":{"rendered":"\t\t<div data-elementor-type=\"wp-post\" data-elementor-id=\"1587\" class=\"elementor elementor-1587\">\n\t\t\t\t\t\t<section class=\"elementor-section elementor-top-section elementor-element elementor-element-c34d0b2 elementor-section-boxed elementor-section-height-default elementor-section-height-default\" data-id=\"c34d0b2\" data-element_type=\"section\">\n\t\t\t\t\t\t<div class=\"elementor-container elementor-column-gap-default\">\n\t\t\t\t\t<div class=\"elementor-column elementor-col-100 elementor-top-column elementor-element elementor-element-6b1533e\" data-id=\"6b1533e\" data-element_type=\"column\">\n\t\t\t<div class=\"elementor-widget-wrap elementor-element-populated\">\n\t\t\t\t\t\t<div class=\"elementor-element elementor-element-5d984de elementor-align-left elementor-widget elementor-widget-bdevs-banner\" data-id=\"5d984de\" data-element_type=\"widget\" data-widget_type=\"bdevs-banner.default\">\n\t\t\t\t<div class=\"elementor-widget-container\">\n\t\t\t\t\t\t\t<div class=\"breadcrumb-area text-center shadow dark bg-fixed padding-xl text-light\" style=\"background-image: url(https:\/\/airesnuevos.cl\/espanol\/wp-content\/uploads\/2022\/05\/Que-hacemos.jpg);\">\r\n\t        <div class=\"container\">\r\n\t            <div class=\"breadcrumb-items\">\r\n\t                <div class=\"row\">\r\n\t                    <div class=\"col-lg-12\">\r\n\t                        <h2>QU\u00c9 HACEMOS<\/h2>\r\n\t                    <\/div>\r\n\t                <\/div>\r\n\t                \t                <ul class=\"breadcrumb\">\r\n\t                    <li><a href=\"https:\/\/airesnuevos.cl\/espanol\/\">\r\n\t                    \t<i class=\"fas fa-home\"><\/i>Home<\/a><\/li>\r\n\t                    <li class=\"active\">QU\u00c9 HACEMOS<\/li>\r\n\t                <\/ul>\r\n\t                \t            <\/div>\r\n\t        <\/div>\r\n\t    <\/div>\r\n\t\t\t\t\t<\/div>\n\t\t\t\t<\/div>\n\t\t\t\t\t<\/div>\n\t\t<\/div>\n\t\t\t\t\t<\/div>\n\t\t<\/section>\n\t\t\t\t<section class=\"elementor-section elementor-top-section elementor-element elementor-element-1358044 elementor-section-boxed elementor-section-height-default elementor-section-height-default\" data-id=\"1358044\" data-element_type=\"section\">\n\t\t\t\t\t\t<div class=\"elementor-container elementor-column-gap-default\">\n\t\t\t\t\t<div class=\"elementor-column elementor-col-50 elementor-top-column elementor-element elementor-element-8d0ac29\" data-id=\"8d0ac29\" data-element_type=\"column\">\n\t\t\t<div class=\"elementor-widget-wrap elementor-element-populated\">\n\t\t\t\t\t\t<div class=\"elementor-element elementor-element-9d9d891 elementor-widget elementor-widget-image\" data-id=\"9d9d891\" data-element_type=\"widget\" data-widget_type=\"image.default\">\n\t\t\t\t<div class=\"elementor-widget-container\">\n\t\t\t\t\t\t\t\t\t\t\t\t\t\t\t<img fetchpriority=\"high\" decoding=\"async\" width=\"900\" height=\"506\" src=\"https:\/\/airesnuevos.cl\/espanol\/wp-content\/uploads\/2022\/04\/Jovenes-limpieza-1024x576.jpg\" class=\"attachment-large size-large wp-image-1767\" alt=\"\" srcset=\"https:\/\/airesnuevos.cl\/espanol\/wp-content\/uploads\/2022\/04\/Jovenes-limpieza-1024x576.jpg 1024w, https:\/\/airesnuevos.cl\/espanol\/wp-content\/uploads\/2022\/04\/Jovenes-limpieza-300x169.jpg 300w, https:\/\/airesnuevos.cl\/espanol\/wp-content\/uploads\/2022\/04\/Jovenes-limpieza-768x432.jpg 768w, https:\/\/airesnuevos.cl\/espanol\/wp-content\/uploads\/2022\/04\/Jovenes-limpieza-1536x864.jpg 1536w, https:\/\/airesnuevos.cl\/espanol\/wp-content\/uploads\/2022\/04\/Jovenes-limpieza.jpg 1920w\" sizes=\"(max-width: 900px) 100vw, 900px\" \/>\t\t\t\t\t\t\t\t\t\t\t\t\t\t\t<\/div>\n\t\t\t\t<\/div>\n\t\t\t\t<div class=\"elementor-element elementor-element-a61c6d4 elementor-widget elementor-widget-text-editor\" data-id=\"a61c6d4\" data-element_type=\"widget\" data-widget_type=\"text-editor.default\">\n\t\t\t\t<div class=\"elementor-widget-container\">\n\t\t\t\t\t\t\t\t\t<h4><span style=\"color: #3bcf93;\">Acciones Locales<\/span><\/h4><p>Las acciones locales son intervenciones de bajo costo alrededor del centro educativo donde est\u00e1n instalados los monitores de calidad de aire para disminuir la exposici\u00f3n de ni\u00f1o\/as a contaminantes.<\/p>\t\t\t\t\t\t\t\t<\/div>\n\t\t\t\t<\/div>\n\t\t\t\t<div class=\"elementor-element elementor-element-d1ea5e0 elementor-button-info elementor-align-center elementor-widget elementor-widget-button\" data-id=\"d1ea5e0\" data-element_type=\"widget\" data-widget_type=\"button.default\">\n\t\t\t\t<div class=\"elementor-widget-container\">\n\t\t\t\t\t\t\t\t\t<div class=\"elementor-button-wrapper\">\n\t\t\t\t\t<a class=\"elementor-button elementor-button-link elementor-size-md elementor-animation-grow\" href=\"https:\/\/airesnuevos.cl\/espanol\/acciones-locales\/\">\n\t\t\t\t\t\t<span class=\"elementor-button-content-wrapper\">\n\t\t\t\t\t\t<span class=\"elementor-button-icon\">\n\t\t\t\t<i aria-hidden=\"true\" class=\"fas fa-fan\"><\/i>\t\t\t<\/span>\n\t\t\t\t\t\t\t\t\t<span class=\"elementor-button-text\">Ver Acciones<\/span>\n\t\t\t\t\t<\/span>\n\t\t\t\t\t<\/a>\n\t\t\t\t<\/div>\n\t\t\t\t\t\t\t\t<\/div>\n\t\t\t\t<\/div>\n\t\t\t\t\t<\/div>\n\t\t<\/div>\n\t\t\t\t<div class=\"elementor-column elementor-col-50 elementor-top-column elementor-element elementor-element-9a229da\" data-id=\"9a229da\" data-element_type=\"column\">\n\t\t\t<div class=\"elementor-widget-wrap elementor-element-populated\">\n\t\t\t\t\t\t<div class=\"elementor-element elementor-element-75f67e6 elementor-widget elementor-widget-image\" data-id=\"75f67e6\" data-element_type=\"widget\" data-widget_type=\"image.default\">\n\t\t\t\t<div class=\"elementor-widget-container\">\n\t\t\t\t\t\t\t\t\t\t\t\t\t\t\t<img decoding=\"async\" width=\"900\" height=\"506\" src=\"https:\/\/airesnuevos.cl\/espanol\/wp-content\/uploads\/2022\/05\/Ecologia-2-1024x576.jpg\" class=\"attachment-large size-large wp-image-2018\" alt=\"\" srcset=\"https:\/\/airesnuevos.cl\/espanol\/wp-content\/uploads\/2022\/05\/Ecologia-2-1024x576.jpg 1024w, https:\/\/airesnuevos.cl\/espanol\/wp-content\/uploads\/2022\/05\/Ecologia-2-300x169.jpg 300w, https:\/\/airesnuevos.cl\/espanol\/wp-content\/uploads\/2022\/05\/Ecologia-2-768x432.jpg 768w, https:\/\/airesnuevos.cl\/espanol\/wp-content\/uploads\/2022\/05\/Ecologia-2-1536x864.jpg 1536w, https:\/\/airesnuevos.cl\/espanol\/wp-content\/uploads\/2022\/05\/Ecologia-2.jpg 1920w\" sizes=\"(max-width: 900px) 100vw, 900px\" \/>\t\t\t\t\t\t\t\t\t\t\t\t\t\t\t<\/div>\n\t\t\t\t<\/div>\n\t\t\t\t<div class=\"elementor-element elementor-element-042e9de elementor-widget elementor-widget-text-editor\" data-id=\"042e9de\" data-element_type=\"widget\" data-widget_type=\"text-editor.default\">\n\t\t\t\t<div class=\"elementor-widget-container\">\n\t\t\t\t\t\t\t\t\t<h4><span style=\"color: #3bcf93;\">Campa\u00f1as Ciudadanas<\/span><\/h4><p>Aires Nuevos desarrolla material para redes sociales sobre calidad del aire y las acciones que las personas y comunidades pueden realizar para cuidarse de la exposici\u00f3n a la contaminaci\u00f3n atmosf\u00e9rica.<\/p>\t\t\t\t\t\t\t\t<\/div>\n\t\t\t\t<\/div>\n\t\t\t\t<div class=\"elementor-element elementor-element-d4baf12 elementor-button-info elementor-align-center elementor-widget elementor-widget-button\" data-id=\"d4baf12\" data-element_type=\"widget\" data-widget_type=\"button.default\">\n\t\t\t\t<div class=\"elementor-widget-container\">\n\t\t\t\t\t\t\t\t\t<div class=\"elementor-button-wrapper\">\n\t\t\t\t\t<a class=\"elementor-button elementor-button-link elementor-size-md elementor-animation-grow\" href=\"https:\/\/airesnuevos.cl\/espanol\/campanas\/\">\n\t\t\t\t\t\t<span class=\"elementor-button-content-wrapper\">\n\t\t\t\t\t\t<span class=\"elementor-button-icon\">\n\t\t\t\t<i aria-hidden=\"true\" class=\"fas fa-fan\"><\/i>\t\t\t<\/span>\n\t\t\t\t\t\t\t\t\t<span class=\"elementor-button-text\">Ver Campa\u00f1as<\/span>\n\t\t\t\t\t<\/span>\n\t\t\t\t\t<\/a>\n\t\t\t\t<\/div>\n\t\t\t\t\t\t\t\t<\/div>\n\t\t\t\t<\/div>\n\t\t\t\t\t<\/div>\n\t\t<\/div>\n\t\t\t\t\t<\/div>\n\t\t<\/section>\n\t\t\t\t<section class=\"elementor-section elementor-top-section elementor-element elementor-element-b2fbc9e elementor-section-boxed elementor-section-height-default elementor-section-height-default\" data-id=\"b2fbc9e\" data-element_type=\"section\">\n\t\t\t\t\t\t<div class=\"elementor-container elementor-column-gap-default\">\n\t\t\t\t\t<div class=\"elementor-column elementor-col-50 elementor-top-column elementor-element elementor-element-cda48ca\" data-id=\"cda48ca\" data-element_type=\"column\">\n\t\t\t<div class=\"elementor-widget-wrap elementor-element-populated\">\n\t\t\t\t\t\t<div class=\"elementor-element elementor-element-b9cfbb7 elementor-widget elementor-widget-image\" data-id=\"b9cfbb7\" data-element_type=\"widget\" data-widget_type=\"image.default\">\n\t\t\t\t<div class=\"elementor-widget-container\">\n\t\t\t\t\t\t\t\t\t\t\t\t\t\t\t<img decoding=\"async\" width=\"900\" height=\"506\" src=\"https:\/\/airesnuevos.cl\/espanol\/wp-content\/uploads\/2022\/05\/Medidor-1920-1024x576.jpg\" class=\"attachment-large size-large wp-image-2019\" alt=\"\" srcset=\"https:\/\/airesnuevos.cl\/espanol\/wp-content\/uploads\/2022\/05\/Medidor-1920-1024x576.jpg 1024w, https:\/\/airesnuevos.cl\/espanol\/wp-content\/uploads\/2022\/05\/Medidor-1920-300x169.jpg 300w, https:\/\/airesnuevos.cl\/espanol\/wp-content\/uploads\/2022\/05\/Medidor-1920-768x432.jpg 768w, https:\/\/airesnuevos.cl\/espanol\/wp-content\/uploads\/2022\/05\/Medidor-1920-1536x864.jpg 1536w, https:\/\/airesnuevos.cl\/espanol\/wp-content\/uploads\/2022\/05\/Medidor-1920.jpg 1920w\" sizes=\"(max-width: 900px) 100vw, 900px\" \/>\t\t\t\t\t\t\t\t\t\t\t\t\t\t\t<\/div>\n\t\t\t\t<\/div>\n\t\t\t\t<div class=\"elementor-element elementor-element-13cabe5 elementor-widget elementor-widget-text-editor\" data-id=\"13cabe5\" data-element_type=\"widget\" data-widget_type=\"text-editor.default\">\n\t\t\t\t<div class=\"elementor-widget-container\">\n\t\t\t\t\t\t\t\t\t<h4><span style=\"color: #3bcf93;\">Reporte de Datos<\/span><\/h4><p>Aires Nuevos genera reportes de datos de calidad de aire trimestrales en las ciudades pertenecientes a la Red a trav\u00e9s de su alianza con profesores en las 14 Universidades asociadas.<\/p>\t\t\t\t\t\t\t\t<\/div>\n\t\t\t\t<\/div>\n\t\t\t\t<div class=\"elementor-element elementor-element-8af1e10 elementor-button-info elementor-align-center elementor-widget elementor-widget-button\" data-id=\"8af1e10\" data-element_type=\"widget\" data-widget_type=\"button.default\">\n\t\t\t\t<div class=\"elementor-widget-container\">\n\t\t\t\t\t\t\t\t\t<div class=\"elementor-button-wrapper\">\n\t\t\t\t\t<a class=\"elementor-button elementor-button-link elementor-size-md elementor-animation-grow\" href=\"https:\/\/airesnuevos.cl\/espanol\/reporte-de-datos\/\">\n\t\t\t\t\t\t<span class=\"elementor-button-content-wrapper\">\n\t\t\t\t\t\t<span class=\"elementor-button-icon\">\n\t\t\t\t<i aria-hidden=\"true\" class=\"fas fa-fan\"><\/i>\t\t\t<\/span>\n\t\t\t\t\t\t\t\t\t<span class=\"elementor-button-text\">Ver Reportes<\/span>\n\t\t\t\t\t<\/span>\n\t\t\t\t\t<\/a>\n\t\t\t\t<\/div>\n\t\t\t\t\t\t\t\t<\/div>\n\t\t\t\t<\/div>\n\t\t\t\t\t<\/div>\n\t\t<\/div>\n\t\t\t\t<div class=\"elementor-column elementor-col-50 elementor-top-column elementor-element elementor-element-c94a3c7\" data-id=\"c94a3c7\" data-element_type=\"column\">\n\t\t\t<div class=\"elementor-widget-wrap elementor-element-populated\">\n\t\t\t\t\t\t<div class=\"elementor-element elementor-element-402949b elementor-widget elementor-widget-image\" data-id=\"402949b\" data-element_type=\"widget\" data-widget_type=\"image.default\">\n\t\t\t\t<div class=\"elementor-widget-container\">\n\t\t\t\t\t\t\t\t\t\t\t\t\t\t\t<img loading=\"lazy\" decoding=\"async\" width=\"900\" height=\"506\" src=\"https:\/\/airesnuevos.cl\/espanol\/wp-content\/uploads\/2022\/05\/datos-nin\u0303o-ciencia-1024x576.jpg\" class=\"attachment-large size-large wp-image-2020\" alt=\"\" srcset=\"https:\/\/airesnuevos.cl\/espanol\/wp-content\/uploads\/2022\/05\/datos-nin\u0303o-ciencia-1024x576.jpg 1024w, https:\/\/airesnuevos.cl\/espanol\/wp-content\/uploads\/2022\/05\/datos-nin\u0303o-ciencia-300x169.jpg 300w, https:\/\/airesnuevos.cl\/espanol\/wp-content\/uploads\/2022\/05\/datos-nin\u0303o-ciencia-768x432.jpg 768w, https:\/\/airesnuevos.cl\/espanol\/wp-content\/uploads\/2022\/05\/datos-nin\u0303o-ciencia-1536x864.jpg 1536w, https:\/\/airesnuevos.cl\/espanol\/wp-content\/uploads\/2022\/05\/datos-nin\u0303o-ciencia.jpg 1920w\" sizes=\"(max-width: 900px) 100vw, 900px\" \/>\t\t\t\t\t\t\t\t\t\t\t\t\t\t\t<\/div>\n\t\t\t\t<\/div>\n\t\t\t\t<div class=\"elementor-element elementor-element-c67b463 elementor-widget elementor-widget-text-editor\" data-id=\"c67b463\" data-element_type=\"widget\" data-widget_type=\"text-editor.default\">\n\t\t\t\t<div class=\"elementor-widget-container\">\n\t\t\t\t\t\t\t\t\t<h4><span style=\"color: #3bcf93;\">Material Educativo<\/span><\/h4><p>Revisa talleres y otros material did\u00e1cticos y educativos de medioambiente y aire limpio.<\/p>\t\t\t\t\t\t\t\t<\/div>\n\t\t\t\t<\/div>\n\t\t\t\t<div class=\"elementor-element elementor-element-b4eae96 elementor-button-info elementor-align-center elementor-widget elementor-widget-button\" data-id=\"b4eae96\" data-element_type=\"widget\" data-widget_type=\"button.default\">\n\t\t\t\t<div class=\"elementor-widget-container\">\n\t\t\t\t\t\t\t\t\t<div class=\"elementor-button-wrapper\">\n\t\t\t\t\t<a class=\"elementor-button elementor-button-link elementor-size-md elementor-animation-grow\" href=\"https:\/\/airesnuevos.cl\/espanol\/wp-content\/uploads\/2022\/05\/Taller-Puedo-Salir-a-Jugar-Chile_-1.pdf\">\n\t\t\t\t\t\t<span class=\"elementor-button-content-wrapper\">\n\t\t\t\t\t\t<span class=\"elementor-button-icon\">\n\t\t\t\t<i aria-hidden=\"true\" class=\"fas fa-fan\"><\/i>\t\t\t<\/span>\n\t\t\t\t\t\t\t\t\t<span class=\"elementor-button-text\">Ver Material<\/span>\n\t\t\t\t\t<\/span>\n\t\t\t\t\t<\/a>\n\t\t\t\t<\/div>\n\t\t\t\t\t\t\t\t<\/div>\n\t\t\t\t<\/div>\n\t\t\t\t\t<\/div>\n\t\t<\/div>\n\t\t\t\t\t<\/div>\n\t\t<\/section>\n\t\t\t\t<section class=\"elementor-section elementor-top-section elementor-element elementor-element-cda2b21 elementor-section-boxed elementor-section-height-default elementor-section-height-default\" data-id=\"cda2b21\" data-element_type=\"section\">\n\t\t\t\t\t\t<div class=\"elementor-container elementor-column-gap-default\">\n\t\t\t\t\t<div class=\"elementor-column elementor-col-100 elementor-top-column elementor-element elementor-element-c8397cf\" data-id=\"c8397cf\" data-element_type=\"column\">\n\t\t\t<div class=\"elementor-widget-wrap elementor-element-populated\">\n\t\t\t\t\t\t<div class=\"elementor-element elementor-element-b4ecbdb elementor-widget elementor-widget-spacer\" data-id=\"b4ecbdb\" data-element_type=\"widget\" data-widget_type=\"spacer.default\">\n\t\t\t\t<div class=\"elementor-widget-container\">\n\t\t\t\t\t\t\t<div class=\"elementor-spacer\">\n\t\t\t<div class=\"elementor-spacer-inner\"><\/div>\n\t\t<\/div>\n\t\t\t\t\t\t<\/div>\n\t\t\t\t<\/div>\n\t\t\t\t\t<\/div>\n\t\t<\/div>\n\t\t\t\t\t<\/div>\n\t\t<\/section>\n\t\t\t\t<\/div>\n\t\t","protected":false},"excerpt":{"rendered":"<p>QU\u00c9 HACEMOS Home QU\u00c9 HACEMOS Acciones LocalesLas acciones locales son intervenciones de bajo costo alrededor del centro educativo donde est\u00e1n instalados los monitores de calidad de aire para disminuir la exposici\u00f3n de ni\u00f1o\/as a contaminantes. Ver Acciones Campa\u00f1as CiudadanasAires Nuevos desarrolla material para redes sociales sobre calidad del aire y las acciones que las personas [&hellip;]<\/p>\n","protected":false},"author":1,"featured_media":0,"parent":0,"menu_order":0,"comment_status":"closed","ping_status":"closed","template":"page-templates\/other-page.php","meta":{"_acf_changed":false,"footnotes":""},"class_list":["post-1587","page","type-page","status-publish","hentry"],"acf":[],"aioseo_notices":[],"_links":{"self":[{"href":"https:\/\/airesnuevos.cl\/espanol\/wp-json\/wp\/v2\/pages\/1587","targetHints":{"allow":["GET"]}}],"collection":[{"href":"https:\/\/airesnuevos.cl\/espanol\/wp-json\/wp\/v2\/pages"}],"about":[{"href":"https:\/\/airesnuevos.cl\/espanol\/wp-json\/wp\/v2\/types\/page"}],"author":[{"embeddable":true,"href":"https:\/\/airesnuevos.cl\/espanol\/wp-json\/wp\/v2\/users\/1"}],"replies":[{"embeddable":true,"href":"https:\/\/airesnuevos.cl\/espanol\/wp-json\/wp\/v2\/comments?post=1587"}],"version-history":[{"count":62,"href":"https:\/\/airesnuevos.cl\/espanol\/wp-json\/wp\/v2\/pages\/1587\/revisions"}],"predecessor-version":[{"id":3072,"href":"https:\/\/airesnuevos.cl\/espanol\/wp-json\/wp\/v2\/pages\/1587\/revisions\/3072"}],"wp:attachment":[{"href":"https:\/\/airesnuevos.cl\/espanol\/wp-json\/wp\/v2\/media?parent=1587"}],"curies":[{"name":"wp","href":"https:\/\/api.w.org\/{rel}","templated":true}]}}