{"id":66,"date":"2020-12-17T08:44:21","date_gmt":"2020-12-17T08:44:21","guid":{"rendered":"https:\/\/shtheme.org\/demosd\/poora\/?page_id=66"},"modified":"2022-05-30T18:47:40","modified_gmt":"2022-05-30T21:47:40","slug":"donde-estamos","status":"publish","type":"page","link":"https:\/\/airesnuevos.cl\/espanol\/donde-estamos\/","title":{"rendered":"Donde Estamos"},"content":{"rendered":"\t\t<div data-elementor-type=\"wp-post\" data-elementor-id=\"66\" class=\"elementor elementor-66\">\n\t\t\t\t\t\t<section class=\"elementor-section elementor-top-section elementor-element elementor-element-71b8251 elementor-section-boxed elementor-section-height-default elementor-section-height-default\" data-id=\"71b8251\" data-element_type=\"section\">\n\t\t\t\t\t\t<div class=\"elementor-container elementor-column-gap-default\">\n\t\t\t\t\t<div class=\"elementor-column elementor-col-100 elementor-top-column elementor-element elementor-element-cfedd6c\" data-id=\"cfedd6c\" data-element_type=\"column\">\n\t\t\t<div class=\"elementor-widget-wrap elementor-element-populated\">\n\t\t\t\t\t\t<div class=\"elementor-element elementor-element-ac32d82 elementor-align-left elementor-widget elementor-widget-bdevs-banner\" data-id=\"ac32d82\" data-element_type=\"widget\" data-widget_type=\"bdevs-banner.default\">\n\t\t\t\t<div class=\"elementor-widget-container\">\n\t\t\t\t\t\t\t<div class=\"breadcrumb-area text-center shadow dark bg-fixed padding-xl text-light\" style=\"background-image: url(https:\/\/airesnuevos.cl\/espanol\/wp-content\/uploads\/2022\/05\/Mapa-Web-1600p.jpg);\">\r\n\t        <div class=\"container\">\r\n\t            <div class=\"breadcrumb-items\">\r\n\t                <div class=\"row\">\r\n\t                    <div class=\"col-lg-12\">\r\n\t                        <h2>\u00bfD\u00f3nde Estamos?<\/h2>\r\n\t                    <\/div>\r\n\t                <\/div>\r\n\t                \t                <ul class=\"breadcrumb\">\r\n\t                    <li><a href=\"https:\/\/airesnuevos.cl\/espanol\/\">\r\n\t                    \t<i class=\"fas fa-home\"><\/i>Home<\/a><\/li>\r\n\t                    <li class=\"active\">Donde Estamos<\/li>\r\n\t                <\/ul>\r\n\t                \t            <\/div>\r\n\t        <\/div>\r\n\t    <\/div>\r\n\t\t\t\t\t<\/div>\n\t\t\t\t<\/div>\n\t\t\t\t\t<\/div>\n\t\t<\/div>\n\t\t\t\t\t<\/div>\n\t\t<\/section>\n\t\t\t\t<section class=\"elementor-section elementor-top-section elementor-element elementor-element-fe83e38 elementor-section-boxed elementor-section-height-default elementor-section-height-default\" data-id=\"fe83e38\" data-element_type=\"section\">\n\t\t\t\t\t\t<div class=\"elementor-container elementor-column-gap-default\">\n\t\t\t\t\t<div class=\"elementor-column elementor-col-100 elementor-top-column elementor-element elementor-element-380a7c8\" data-id=\"380a7c8\" data-element_type=\"column\">\n\t\t\t<div class=\"elementor-widget-wrap elementor-element-populated\">\n\t\t\t\t\t\t<div class=\"elementor-element elementor-element-625a2d4 elementor-align-left elementor-widget elementor-widget-bdevs-about-one\" data-id=\"625a2d4\" data-element_type=\"widget\" data-widget_type=\"bdevs-about-one.default\">\n\t\t\t\t<div class=\"elementor-widget-container\">\n\t\t\t\t\t\t\t\t\t<div class=\"about-area default-padding\">\r\n\t\t    <div class=\"container\">\r\n\t\t        <div class=\"row align-center\">\r\n\r\n\t\t            <div class=\"col-lg-6\">\r\n\t\t                <div class=\"thumb\">\r\n\t\t                    <img decoding=\"async\" src=\"https:\/\/airesnuevos.cl\/espanol\/wp-content\/uploads\/2022\/05\/Mapa-Web-1080p.jpg\" alt=\"Thumb\">\r\n\t\t                    \t\t                <\/div>\r\n\t\t            <\/div>\r\n\r\n\t\t            <div class=\"col-lg-6 info\">\r\n\t\t            \t\t\t                <h5>Donde Estamos<\/h5>\r\n\t\t                \t\t                \t\t                <h2 class=\"text-blur\">Estamos<\/h2>\r\n\t\t                \t\t                \t\t                <h2 class=\"area-title\">La red Aires Nuevos ha establecido s\u00f3lidas asociaciones en Argentina, Brasil, Chile, Colombia, Ecuador, M\u00e9xico, Per\u00fa y Uruguay.<\/h2>\r\n\t\t                \t\t                \t\t                <p>La red incluye actualmente 42 municipios y 14 universidades de ocho pa\u00edses latinoamericanos. Al 2022, hay 125 sensores de calidad del aire instalados.<\/p><p>Los sensores de medici\u00f3n de contaminaci\u00f3n del aire se instalan al exterior, en zonas con alta concentraci\u00f3n de ni\u00f1os y ni\u00f1as como guarder\u00edas, centros de salud, parques y otros lugares afines. Cada territorio ha seleccionado el lugar de instalaci\u00f3n en funci\u00f3n de sus necesidades espec\u00edficas de medici\u00f3n. Algunas comunidades han elegido centros preescolar para ni\u00f1os, as\u00ed como barrios residenciales, hogares de acogida y centros de salud.<\/p><p>La medici\u00f3n de la calidad del aire y los planes locales de calidad del aire previstos beneficiar\u00e1 a aproximadamente 1.5 millones de ni\u00f1os menores de 4 a\u00f1os.<br \/><br \/><\/p><h5>Nuestros Medidores est\u00e1n en:<\/h5><h4>81 Centros Preescolares<\/h4><h4>12 Escuelas<\/h4><h4>09 Parques y Residencias<\/h4><h4>08 Centros de Salud<\/h4><h4>05 Centros c\u00edvicos<\/h4><h4>04 Juegos Infantiles<\/h4><h4>03 Centros Culturales<\/h4><h4>03 Casas de Acogida<\/h4>\t\t                \t\t                \t\t                <a class=\"btn circle btn-theme border btn-md\" href=\"https:\/\/airesnuevos.cl\/espanol\/medidores-2\/\">Medidores<\/a>\r\n\t\t            \t\t\t            <\/div>\r\n\t\t            \r\n\t\t        <\/div>\r\n\t\t    <\/div>\r\n\t\t<\/div>\r\n\t\t\t\t\t\t\t<\/div>\n\t\t\t\t<\/div>\n\t\t\t\t\t<\/div>\n\t\t<\/div>\n\t\t\t\t\t<\/div>\n\t\t<\/section>\n\t\t\t\t<section class=\"elementor-section elementor-top-section elementor-element elementor-element-d4a531f elementor-section-boxed elementor-section-height-default elementor-section-height-default\" data-id=\"d4a531f\" data-element_type=\"section\">\n\t\t\t\t\t\t<div class=\"elementor-container elementor-column-gap-default\">\n\t\t\t\t\t<div class=\"elementor-column elementor-col-100 elementor-top-column elementor-element elementor-element-8504d5a\" data-id=\"8504d5a\" data-element_type=\"column\">\n\t\t\t<div class=\"elementor-widget-wrap elementor-element-populated\">\n\t\t\t\t\t\t<div class=\"elementor-element elementor-element-3981c93 elementor-widget elementor-widget-spacer\" data-id=\"3981c93\" data-element_type=\"widget\" data-widget_type=\"spacer.default\">\n\t\t\t\t<div class=\"elementor-widget-container\">\n\t\t\t\t\t\t\t<div class=\"elementor-spacer\">\n\t\t\t<div class=\"elementor-spacer-inner\"><\/div>\n\t\t<\/div>\n\t\t\t\t\t\t<\/div>\n\t\t\t\t<\/div>\n\t\t\t\t\t<\/div>\n\t\t<\/div>\n\t\t\t\t\t<\/div>\n\t\t<\/section>\n\t\t\t\t<section class=\"elementor-section elementor-top-section elementor-element elementor-element-eccf64d elementor-section-boxed elementor-section-height-default elementor-section-height-default\" data-id=\"eccf64d\" data-element_type=\"section\">\n\t\t\t\t\t\t<div class=\"elementor-container elementor-column-gap-default\">\n\t\t\t\t\t<div class=\"elementor-column elementor-col-50 elementor-top-column elementor-element elementor-element-e638de6\" data-id=\"e638de6\" data-element_type=\"column\">\n\t\t\t<div class=\"elementor-widget-wrap\">\n\t\t\t\t\t\t\t<\/div>\n\t\t<\/div>\n\t\t\t\t<div class=\"elementor-column elementor-col-50 elementor-top-column elementor-element elementor-element-5a3875d\" data-id=\"5a3875d\" data-element_type=\"column\">\n\t\t\t<div class=\"elementor-widget-wrap elementor-element-populated\">\n\t\t\t\t\t\t<div class=\"elementor-element elementor-element-769b438 elementor-button-info elementor-align-left elementor-widget elementor-widget-button\" data-id=\"769b438\" data-element_type=\"widget\" data-widget_type=\"button.default\">\n\t\t\t\t<div class=\"elementor-widget-container\">\n\t\t\t\t\t\t\t\t\t<div class=\"elementor-button-wrapper\">\n\t\t\t\t\t<a class=\"elementor-button elementor-button-link elementor-size-lg elementor-animation-grow\" href=\"https:\/\/airesnuevos.cl\/espanol\/medidores-2\/\">\n\t\t\t\t\t\t<span class=\"elementor-button-content-wrapper\">\n\t\t\t\t\t\t<span class=\"elementor-button-icon\">\n\t\t\t\t<i aria-hidden=\"true\" class=\"fas fa-fan\"><\/i>\t\t\t<\/span>\n\t\t\t\t\t\t\t\t\t<span class=\"elementor-button-text\">Ver Medidores<\/span>\n\t\t\t\t\t<\/span>\n\t\t\t\t\t<\/a>\n\t\t\t\t<\/div>\n\t\t\t\t\t\t\t\t<\/div>\n\t\t\t\t<\/div>\n\t\t\t\t\t<\/div>\n\t\t<\/div>\n\t\t\t\t\t<\/div>\n\t\t<\/section>\n\t\t\t\t<section class=\"elementor-section elementor-top-section elementor-element elementor-element-826862b elementor-section-boxed elementor-section-height-default elementor-section-height-default\" data-id=\"826862b\" data-element_type=\"section\">\n\t\t\t\t\t\t<div class=\"elementor-container elementor-column-gap-default\">\n\t\t\t\t\t<div class=\"elementor-column elementor-col-100 elementor-top-column elementor-element elementor-element-45bdc61\" data-id=\"45bdc61\" data-element_type=\"column\">\n\t\t\t<div class=\"elementor-widget-wrap elementor-element-populated\">\n\t\t\t\t\t\t<div class=\"elementor-element elementor-element-660ec4a elementor-widget elementor-widget-spacer\" data-id=\"660ec4a\" data-element_type=\"widget\" data-widget_type=\"spacer.default\">\n\t\t\t\t<div class=\"elementor-widget-container\">\n\t\t\t\t\t\t\t<div class=\"elementor-spacer\">\n\t\t\t<div class=\"elementor-spacer-inner\"><\/div>\n\t\t<\/div>\n\t\t\t\t\t\t<\/div>\n\t\t\t\t<\/div>\n\t\t\t\t\t<\/div>\n\t\t<\/div>\n\t\t\t\t\t<\/div>\n\t\t<\/section>\n\t\t\t\t<\/div>\n\t\t","protected":false},"excerpt":{"rendered":"<p>\u00bfD\u00f3nde Estamos? Home Donde Estamos Donde Estamos Estamos La red Aires Nuevos ha establecido s\u00f3lidas asociaciones en Argentina, Brasil, Chile, Colombia, Ecuador, M\u00e9xico, Per\u00fa y Uruguay. La red incluye actualmente 42 municipios y 14 universidades de ocho pa\u00edses latinoamericanos. Al 2022, hay 125 sensores de calidad del aire instalados.Los sensores de medici\u00f3n de contaminaci\u00f3n del [&hellip;]<\/p>\n","protected":false},"author":1,"featured_media":0,"parent":0,"menu_order":0,"comment_status":"closed","ping_status":"closed","template":"page-templates\/other-page.php","meta":{"_acf_changed":false,"footnotes":""},"class_list":["post-66","page","type-page","status-publish","hentry"],"acf":[],"aioseo_notices":[],"_links":{"self":[{"href":"https:\/\/airesnuevos.cl\/espanol\/wp-json\/wp\/v2\/pages\/66","targetHints":{"allow":["GET"]}}],"collection":[{"href":"https:\/\/airesnuevos.cl\/espanol\/wp-json\/wp\/v2\/pages"}],"about":[{"href":"https:\/\/airesnuevos.cl\/espanol\/wp-json\/wp\/v2\/types\/page"}],"author":[{"embeddable":true,"href":"https:\/\/airesnuevos.cl\/espanol\/wp-json\/wp\/v2\/users\/1"}],"replies":[{"embeddable":true,"href":"https:\/\/airesnuevos.cl\/espanol\/wp-json\/wp\/v2\/comments?post=66"}],"version-history":[{"count":51,"href":"https:\/\/airesnuevos.cl\/espanol\/wp-json\/wp\/v2\/pages\/66\/revisions"}],"predecessor-version":[{"id":2928,"href":"https:\/\/airesnuevos.cl\/espanol\/wp-json\/wp\/v2\/pages\/66\/revisions\/2928"}],"wp:attachment":[{"href":"https:\/\/airesnuevos.cl\/espanol\/wp-json\/wp\/v2\/media?parent=66"}],"curies":[{"name":"wp","href":"https:\/\/api.w.org\/{rel}","templated":true}]}}